{"id":54,"date":"2022-02-10T20:28:12","date_gmt":"2022-02-10T20:28:12","guid":{"rendered":"https:\/\/veszpremi-chili.hu\/?page_id=54"},"modified":"2022-02-16T18:00:55","modified_gmt":"2022-02-16T18:00:55","slug":"hamarosan-nyitunk","status":"publish","type":"page","link":"https:\/\/veszpremi-chili.hu\/","title":{"rendered":"Kezd\u0151lap"},"content":{"rendered":"\n<p>Kedves l\u00e1togat\u00f3!<br><br>A webshop m\u00e9g fejleszt\u00e9s alatt \u00e1ll, k\u00e9rj\u00fck n\u00e9zz vissza k\u00e9s\u0151bb!<\/p>\n","protected":false},"excerpt":{"rendered":"<p>Kedves l\u00e1togat\u00f3! A webshop m\u00e9g fejleszt\u00e9s alatt \u00e1ll, k\u00e9rj\u00fck n\u00e9zz vissza k\u00e9s\u0151bb!<\/p>\n","protected":false},"author":1,"featured_media":0,"parent":0,"menu_order":0,"comment_status":"closed","ping_status":"closed","template":"","meta":{"footnotes":""},"class_list":["post-54","page","type-page","status-publish","hentry"],"yoast_head":"<!-- This site is optimized with the Yoast SEO plugin v22.0 - https:\/\/yoast.com\/wordpress\/plugins\/seo\/ -->\n<title>Kezd\u0151lap - VESZPR\u00c9MI CHILI<\/title>\n<meta name=\"robots\" content=\"index, follow, max-snippet:-1, max-image-preview:large, max-video-preview:-1\" \/>\n<link rel=\"canonical\" href=\"https:\/\/veszpremi-chili.hu\/\" \/>\n<meta property=\"og:locale\" content=\"hu_HU\" \/>\n<meta property=\"og:type\" content=\"article\" \/>\n<meta property=\"og:title\" content=\"Kezd\u0151lap - VESZPR\u00c9MI CHILI\" \/>\n<meta property=\"og:description\" content=\"Kedves l\u00e1togat\u00f3! A webshop m\u00e9g fejleszt\u00e9s alatt \u00e1ll, k\u00e9rj\u00fck n\u00e9zz vissza k\u00e9s\u0151bb!\" \/>\n<meta property=\"og:url\" content=\"https:\/\/veszpremi-chili.hu\/\" \/>\n<meta property=\"og:site_name\" content=\"VESZPR\u00c9MI CHILI\" \/>\n<meta property=\"article:modified_time\" content=\"2022-02-16T18:00:55+00:00\" \/>\n<meta name=\"twitter:card\" content=\"summary_large_image\" \/>\n<script type=\"application\/ld+json\" class=\"yoast-schema-graph\">{\"@context\":\"https:\/\/schema.org\",\"@graph\":[{\"@type\":\"WebPage\",\"@id\":\"https:\/\/veszpremi-chili.hu\/\",\"url\":\"https:\/\/veszpremi-chili.hu\/\",\"name\":\"Kezd\u0151lap - VESZPR\u00c9MI CHILI\",\"isPartOf\":{\"@id\":\"https:\/\/veszpremi-chili.hu\/#website\"},\"datePublished\":\"2022-02-10T20:28:12+00:00\",\"dateModified\":\"2022-02-16T18:00:55+00:00\",\"breadcrumb\":{\"@id\":\"https:\/\/veszpremi-chili.hu\/#breadcrumb\"},\"inLanguage\":\"hu\",\"potentialAction\":[{\"@type\":\"ReadAction\",\"target\":[\"https:\/\/veszpremi-chili.hu\/\"]}]},{\"@type\":\"BreadcrumbList\",\"@id\":\"https:\/\/veszpremi-chili.hu\/#breadcrumb\",\"itemListElement\":[{\"@type\":\"ListItem\",\"position\":1,\"name\":\"Kezd\u0151lap\",\"item\":\"https:\/\/veszpremi-chili.hu\/\"},{\"@type\":\"ListItem\",\"position\":2,\"name\":\"Kezd\u0151lap\"}]},{\"@type\":\"WebSite\",\"@id\":\"https:\/\/veszpremi-chili.hu\/#website\",\"url\":\"https:\/\/veszpremi-chili.hu\/\",\"name\":\"VESZPR\u00c9MI CHILI\",\"description\":\"\",\"potentialAction\":[{\"@type\":\"SearchAction\",\"target\":{\"@type\":\"EntryPoint\",\"urlTemplate\":\"https:\/\/veszpremi-chili.hu\/?s={search_term_string}\"},\"query-input\":\"required name=search_term_string\"}],\"inLanguage\":\"hu\"}]}<\/script>\n<!-- \/ Yoast SEO plugin. -->","yoast_head_json":{"title":"Kezd\u0151lap - VESZPR\u00c9MI CHILI","robots":{"index":"index","follow":"follow","max-snippet":"max-snippet:-1","max-image-preview":"max-image-preview:large","max-video-preview":"max-video-preview:-1"},"canonical":"https:\/\/veszpremi-chili.hu\/","og_locale":"hu_HU","og_type":"article","og_title":"Kezd\u0151lap - VESZPR\u00c9MI CHILI","og_description":"Kedves l\u00e1togat\u00f3! A webshop m\u00e9g fejleszt\u00e9s alatt \u00e1ll, k\u00e9rj\u00fck n\u00e9zz vissza k\u00e9s\u0151bb!","og_url":"https:\/\/veszpremi-chili.hu\/","og_site_name":"VESZPR\u00c9MI CHILI","article_modified_time":"2022-02-16T18:00:55+00:00","twitter_card":"summary_large_image","schema":{"@context":"https:\/\/schema.org","@graph":[{"@type":"WebPage","@id":"https:\/\/veszpremi-chili.hu\/","url":"https:\/\/veszpremi-chili.hu\/","name":"Kezd\u0151lap - VESZPR\u00c9MI CHILI","isPartOf":{"@id":"https:\/\/veszpremi-chili.hu\/#website"},"datePublished":"2022-02-10T20:28:12+00:00","dateModified":"2022-02-16T18:00:55+00:00","breadcrumb":{"@id":"https:\/\/veszpremi-chili.hu\/#breadcrumb"},"inLanguage":"hu","potentialAction":[{"@type":"ReadAction","target":["https:\/\/veszpremi-chili.hu\/"]}]},{"@type":"BreadcrumbList","@id":"https:\/\/veszpremi-chili.hu\/#breadcrumb","itemListElement":[{"@type":"ListItem","position":1,"name":"Kezd\u0151lap","item":"https:\/\/veszpremi-chili.hu\/"},{"@type":"ListItem","position":2,"name":"Kezd\u0151lap"}]},{"@type":"WebSite","@id":"https:\/\/veszpremi-chili.hu\/#website","url":"https:\/\/veszpremi-chili.hu\/","name":"VESZPR\u00c9MI CHILI","description":"","potentialAction":[{"@type":"SearchAction","target":{"@type":"EntryPoint","urlTemplate":"https:\/\/veszpremi-chili.hu\/?s={search_term_string}"},"query-input":"required name=search_term_string"}],"inLanguage":"hu"}]}},"jetpack_sharing_enabled":true,"_links":{"self":[{"href":"https:\/\/veszpremi-chili.hu\/index.php?rest_route=\/wp\/v2\/pages\/54","targetHints":{"allow":["GET"]}}],"collection":[{"href":"https:\/\/veszpremi-chili.hu\/index.php?rest_route=\/wp\/v2\/pages"}],"about":[{"href":"https:\/\/veszpremi-chili.hu\/index.php?rest_route=\/wp\/v2\/types\/page"}],"author":[{"embeddable":true,"href":"https:\/\/veszpremi-chili.hu\/index.php?rest_route=\/wp\/v2\/users\/1"}],"replies":[{"embeddable":true,"href":"https:\/\/veszpremi-chili.hu\/index.php?rest_route=%2Fwp%2Fv2%2Fcomments&post=54"}],"version-history":[{"count":2,"href":"https:\/\/veszpremi-chili.hu\/index.php?rest_route=\/wp\/v2\/pages\/54\/revisions"}],"predecessor-version":[{"id":131,"href":"https:\/\/veszpremi-chili.hu\/index.php?rest_route=\/wp\/v2\/pages\/54\/revisions\/131"}],"wp:attachment":[{"href":"https:\/\/veszpremi-chili.hu\/index.php?rest_route=%2Fwp%2Fv2%2Fmedia&parent=54"}],"curies":[{"name":"wp","href":"https:\/\/api.w.org\/{rel}","templated":true}]}}